{"id":3,"date":"2023-08-31T14:07:35","date_gmt":"2023-08-31T12:07:35","guid":{"rendered":"http:\/\/zegoodframe.re\/?page_id=3"},"modified":"2025-09-15T10:17:30","modified_gmt":"2025-09-15T06:17:30","slug":"politique-de-confidentialite","status":"publish","type":"page","link":"https:\/\/zegoodframe.re\/index.php\/politique-de-confidentialite\/","title":{"rendered":"Politique de confidentialit\u00e9"},"content":{"rendered":"\n<h2 class=\"wp-block-heading\">1. Responsable du traitement<\/h2>\n\n\n\n<p><strong>Nom ou raison sociale<\/strong> : ETHEVE THERY <\/p>\n\n\n\n<h2 class=\"wp-block-heading\">2. Donn\u00e9es collect\u00e9es<\/h2>\n\n\n\n<p>Le site peut collecter les donn\u00e9es suivantes :<\/p>\n\n\n\n<ul class=\"wp-block-list\">\n<li>Nom, pr\u00e9nom<\/li>\n\n\n\n<li>Adresse e-mail<\/li>\n\n\n\n<li>Num\u00e9ro de t\u00e9l\u00e9phone<\/li>\n\n\n\n<li>Message libre (dans un formulaire)<\/li>\n\n\n\n<li>Adresse IP (via outils d\u2019analyse, si applicable)<\/li>\n<\/ul>\n\n\n\n<h2 class=\"wp-block-heading\">3. Finalit\u00e9s du traitement<\/h2>\n\n\n\n<p>Les donn\u00e9es collect\u00e9es sont utilis\u00e9es pour :<\/p>\n\n\n\n<ul class=\"wp-block-list\">\n<li>R\u00e9pondre aux demandes envoy\u00e9es via le formulaire de contact<\/li>\n\n\n\n<li>Envoyer des communications (si newsletter)<\/li>\n\n\n\n<li>Mesurer l\u2019audience du site (Google Analytics, etc.) <\/li>\n<\/ul>\n\n\n\n<h2 class=\"wp-block-heading\">4. Base l\u00e9gale du traitement<\/h2>\n\n\n\n<p>Le traitement des donn\u00e9es repose sur :<\/p>\n\n\n\n<ul class=\"wp-block-list\">\n<li>Le <strong>consentement<\/strong> de l\u2019utilisateur<\/li>\n\n\n\n<li>L\u2019<strong>int\u00e9r\u00eat l\u00e9gitime<\/strong> du responsable du traitement pour assurer le bon fonctionnement du site<\/li>\n<\/ul>\n\n\n\n<h2 class=\"wp-block-heading\">5. Dur\u00e9e de conservation<\/h2>\n\n\n\n<p>Les donn\u00e9es sont conserv\u00e9es pour une dur\u00e9e maximale de <strong>5 ans<\/strong> \u00e0 compter du dernier contact avec l\u2019utilisateur.<\/p>\n\n\n\n<h2 class=\"wp-block-heading\">6. Droits des utilisateurs<\/h2>\n\n\n\n<p>Conform\u00e9ment au RGPD, les utilisateurs disposent des droits suivants :<\/p>\n\n\n\n<ul class=\"wp-block-list\">\n<li>Droit d\u2019acc\u00e8s, de rectification, d\u2019effacement<\/li>\n\n\n\n<li>Droit de retrait du consentement \u00e0 tout moment<\/li>\n\n\n\n<li>Droit de d\u00e9p\u00f4t de plainte aupr\u00e8s de la CNIL<\/li>\n<\/ul>\n\n\n\n<p>Pour exercer vos droits, contactez-nous via le formulaire de contact.<\/p>\n\n\n\n<h2 class=\"wp-block-heading\">7. Cookies<\/h2>\n\n\n\n<p>Le site peut utiliser des cookies \u00e0 des fins de fonctionnement et de mesure d\u2019audience.<br>Un bandeau de consentement est affich\u00e9 lors de la premi\u00e8re visite.<\/p>\n\n\n\n<p><strong>Cookies utilis\u00e9s<\/strong> : <strong>(ex : Google Analytics, YouTube, reCAPTCHA&#8230;)<\/strong><br>Les cookies sont conserv\u00e9s pour une dur\u00e9e maximale de <strong>13 mois)<\/strong>.<\/p>\n\n\n\n<p><a href=\"https:\/\/zegoodframe.re\/index.php\/politique-de-cookies-ue\/\">En savoir plus sur notre politique de Cookies<\/a><\/p>\n\n\n\n<p><\/p>\n","protected":false},"excerpt":{"rendered":"<p>1. Responsable du traitement Nom ou raison sociale : ETHEVE THERY 2. Donn\u00e9es collect\u00e9es Le site peut collecter les donn\u00e9es suivantes : 3. Finalit\u00e9s du traitement Les donn\u00e9es collect\u00e9es sont utilis\u00e9es pour : 4. Base l\u00e9gale du traitement Le traitement des donn\u00e9es repose sur : 5. Dur\u00e9e de conservation Les donn\u00e9es sont conserv\u00e9es pour une [&hellip;]<\/p>\n","protected":false},"author":1,"featured_media":0,"parent":0,"menu_order":0,"comment_status":"closed","ping_status":"open","template":"","meta":{"footnotes":""},"class_list":["post-3","page","type-page","status-publish","hentry"],"yoast_head":"<!-- This site is optimized with the Yoast SEO plugin v25.6 - https:\/\/yoast.com\/wordpress\/plugins\/seo\/ -->\n<title>Politique de confidentialit\u00e9 - ZegoodFrame<\/title>\n<meta name=\"robots\" content=\"index, follow, max-snippet:-1, max-image-preview:large, max-video-preview:-1\" \/>\n<link rel=\"canonical\" href=\"https:\/\/zegoodframe.re\/index.php\/politique-de-confidentialite\/\" \/>\n<meta property=\"og:locale\" content=\"fr_FR\" \/>\n<meta property=\"og:type\" content=\"article\" \/>\n<meta property=\"og:title\" content=\"Politique de confidentialit\u00e9 - ZegoodFrame\" \/>\n<meta property=\"og:description\" content=\"1. Responsable du traitement Nom ou raison sociale : ETHEVE THERY 2. Donn\u00e9es collect\u00e9es Le site peut collecter les donn\u00e9es suivantes : 3. Finalit\u00e9s du traitement Les donn\u00e9es collect\u00e9es sont utilis\u00e9es pour : 4. Base l\u00e9gale du traitement Le traitement des donn\u00e9es repose sur : 5. Dur\u00e9e de conservation Les donn\u00e9es sont conserv\u00e9es pour une [&hellip;]\" \/>\n<meta property=\"og:url\" content=\"https:\/\/zegoodframe.re\/index.php\/politique-de-confidentialite\/\" \/>\n<meta property=\"og:site_name\" content=\"ZegoodFrame\" \/>\n<meta property=\"article:modified_time\" content=\"2025-09-15T06:17:30+00:00\" \/>\n<meta property=\"og:image\" content=\"https:\/\/zegoodframe.re\/wp-content\/uploads\/2025\/03\/logo_noir.png\" \/>\n\t<meta property=\"og:image:width\" content=\"875\" \/>\n\t<meta property=\"og:image:height\" content=\"445\" \/>\n\t<meta property=\"og:image:type\" content=\"image\/png\" \/>\n<meta name=\"twitter:card\" content=\"summary_large_image\" \/>\n<meta name=\"twitter:label1\" content=\"Dur\u00e9e de lecture estim\u00e9e\" \/>\n\t<meta name=\"twitter:data1\" content=\"2 minutes\" \/>\n<script type=\"application\/ld+json\" class=\"yoast-schema-graph\">{\"@context\":\"https:\/\/schema.org\",\"@graph\":[{\"@type\":\"WebPage\",\"@id\":\"https:\/\/zegoodframe.re\/index.php\/politique-de-confidentialite\/\",\"url\":\"https:\/\/zegoodframe.re\/index.php\/politique-de-confidentialite\/\",\"name\":\"Politique de confidentialit\u00e9 - ZegoodFrame\",\"isPartOf\":{\"@id\":\"https:\/\/zegoodframe.re\/#website\"},\"datePublished\":\"2023-08-31T12:07:35+00:00\",\"dateModified\":\"2025-09-15T06:17:30+00:00\",\"breadcrumb\":{\"@id\":\"https:\/\/zegoodframe.re\/index.php\/politique-de-confidentialite\/#breadcrumb\"},\"inLanguage\":\"fr-FR\",\"potentialAction\":[{\"@type\":\"ReadAction\",\"target\":[\"https:\/\/zegoodframe.re\/index.php\/politique-de-confidentialite\/\"]}]},{\"@type\":\"BreadcrumbList\",\"@id\":\"https:\/\/zegoodframe.re\/index.php\/politique-de-confidentialite\/#breadcrumb\",\"itemListElement\":[{\"@type\":\"ListItem\",\"position\":1,\"name\":\"Accueil\",\"item\":\"https:\/\/zegoodframe.re\/\"},{\"@type\":\"ListItem\",\"position\":2,\"name\":\"Politique de confidentialit\u00e9\"}]},{\"@type\":\"WebSite\",\"@id\":\"https:\/\/zegoodframe.re\/#website\",\"url\":\"https:\/\/zegoodframe.re\/\",\"name\":\"ZegoodFrame\",\"description\":\"Fa\u00e7onnez votre image,  marquez les esprits.\",\"publisher\":{\"@id\":\"https:\/\/zegoodframe.re\/#organization\"},\"potentialAction\":[{\"@type\":\"SearchAction\",\"target\":{\"@type\":\"EntryPoint\",\"urlTemplate\":\"https:\/\/zegoodframe.re\/?s={search_term_string}\"},\"query-input\":{\"@type\":\"PropertyValueSpecification\",\"valueRequired\":true,\"valueName\":\"search_term_string\"}}],\"inLanguage\":\"fr-FR\"},{\"@type\":\"Organization\",\"@id\":\"https:\/\/zegoodframe.re\/#organization\",\"name\":\"ZegoodFrame\",\"url\":\"https:\/\/zegoodframe.re\/\",\"logo\":{\"@type\":\"ImageObject\",\"inLanguage\":\"fr-FR\",\"@id\":\"https:\/\/zegoodframe.re\/#\/schema\/logo\/image\/\",\"url\":\"https:\/\/zegoodframe.re\/wp-content\/uploads\/2025\/03\/logo_blanc.svg\",\"contentUrl\":\"https:\/\/zegoodframe.re\/wp-content\/uploads\/2025\/03\/logo_blanc.svg\",\"width\":100,\"height\":100,\"caption\":\"ZegoodFrame\"},\"image\":{\"@id\":\"https:\/\/zegoodframe.re\/#\/schema\/logo\/image\/\"}}]}<\/script>\n<!-- \/ Yoast SEO plugin. -->","yoast_head_json":{"title":"Politique de confidentialit\u00e9 - ZegoodFrame","robots":{"index":"index","follow":"follow","max-snippet":"max-snippet:-1","max-image-preview":"max-image-preview:large","max-video-preview":"max-video-preview:-1"},"canonical":"https:\/\/zegoodframe.re\/index.php\/politique-de-confidentialite\/","og_locale":"fr_FR","og_type":"article","og_title":"Politique de confidentialit\u00e9 - ZegoodFrame","og_description":"1. Responsable du traitement Nom ou raison sociale : ETHEVE THERY 2. Donn\u00e9es collect\u00e9es Le site peut collecter les donn\u00e9es suivantes : 3. Finalit\u00e9s du traitement Les donn\u00e9es collect\u00e9es sont utilis\u00e9es pour : 4. Base l\u00e9gale du traitement Le traitement des donn\u00e9es repose sur : 5. Dur\u00e9e de conservation Les donn\u00e9es sont conserv\u00e9es pour une [&hellip;]","og_url":"https:\/\/zegoodframe.re\/index.php\/politique-de-confidentialite\/","og_site_name":"ZegoodFrame","article_modified_time":"2025-09-15T06:17:30+00:00","og_image":[{"width":875,"height":445,"url":"https:\/\/zegoodframe.re\/wp-content\/uploads\/2025\/03\/logo_noir.png","type":"image\/png"}],"twitter_card":"summary_large_image","twitter_misc":{"Dur\u00e9e de lecture estim\u00e9e":"2 minutes"},"schema":{"@context":"https:\/\/schema.org","@graph":[{"@type":"WebPage","@id":"https:\/\/zegoodframe.re\/index.php\/politique-de-confidentialite\/","url":"https:\/\/zegoodframe.re\/index.php\/politique-de-confidentialite\/","name":"Politique de confidentialit\u00e9 - ZegoodFrame","isPartOf":{"@id":"https:\/\/zegoodframe.re\/#website"},"datePublished":"2023-08-31T12:07:35+00:00","dateModified":"2025-09-15T06:17:30+00:00","breadcrumb":{"@id":"https:\/\/zegoodframe.re\/index.php\/politique-de-confidentialite\/#breadcrumb"},"inLanguage":"fr-FR","potentialAction":[{"@type":"ReadAction","target":["https:\/\/zegoodframe.re\/index.php\/politique-de-confidentialite\/"]}]},{"@type":"BreadcrumbList","@id":"https:\/\/zegoodframe.re\/index.php\/politique-de-confidentialite\/#breadcrumb","itemListElement":[{"@type":"ListItem","position":1,"name":"Accueil","item":"https:\/\/zegoodframe.re\/"},{"@type":"ListItem","position":2,"name":"Politique de confidentialit\u00e9"}]},{"@type":"WebSite","@id":"https:\/\/zegoodframe.re\/#website","url":"https:\/\/zegoodframe.re\/","name":"ZegoodFrame","description":"Fa\u00e7onnez votre image,  marquez les esprits.","publisher":{"@id":"https:\/\/zegoodframe.re\/#organization"},"potentialAction":[{"@type":"SearchAction","target":{"@type":"EntryPoint","urlTemplate":"https:\/\/zegoodframe.re\/?s={search_term_string}"},"query-input":{"@type":"PropertyValueSpecification","valueRequired":true,"valueName":"search_term_string"}}],"inLanguage":"fr-FR"},{"@type":"Organization","@id":"https:\/\/zegoodframe.re\/#organization","name":"ZegoodFrame","url":"https:\/\/zegoodframe.re\/","logo":{"@type":"ImageObject","inLanguage":"fr-FR","@id":"https:\/\/zegoodframe.re\/#\/schema\/logo\/image\/","url":"https:\/\/zegoodframe.re\/wp-content\/uploads\/2025\/03\/logo_blanc.svg","contentUrl":"https:\/\/zegoodframe.re\/wp-content\/uploads\/2025\/03\/logo_blanc.svg","width":100,"height":100,"caption":"ZegoodFrame"},"image":{"@id":"https:\/\/zegoodframe.re\/#\/schema\/logo\/image\/"}}]}},"_links":{"self":[{"href":"https:\/\/zegoodframe.re\/index.php\/wp-json\/wp\/v2\/pages\/3","targetHints":{"allow":["GET"]}}],"collection":[{"href":"https:\/\/zegoodframe.re\/index.php\/wp-json\/wp\/v2\/pages"}],"about":[{"href":"https:\/\/zegoodframe.re\/index.php\/wp-json\/wp\/v2\/types\/page"}],"author":[{"embeddable":true,"href":"https:\/\/zegoodframe.re\/index.php\/wp-json\/wp\/v2\/users\/1"}],"replies":[{"embeddable":true,"href":"https:\/\/zegoodframe.re\/index.php\/wp-json\/wp\/v2\/comments?post=3"}],"version-history":[{"count":4,"href":"https:\/\/zegoodframe.re\/index.php\/wp-json\/wp\/v2\/pages\/3\/revisions"}],"predecessor-version":[{"id":905,"href":"https:\/\/zegoodframe.re\/index.php\/wp-json\/wp\/v2\/pages\/3\/revisions\/905"}],"wp:attachment":[{"href":"https:\/\/zegoodframe.re\/index.php\/wp-json\/wp\/v2\/media?parent=3"}],"curies":[{"name":"wp","href":"https:\/\/api.w.org\/{rel}","templated":true}]}}