{"id":43,"date":"2025-03-04T19:15:43","date_gmt":"2025-03-04T15:15:43","guid":{"rendered":"https:\/\/zegoodframe.re\/?page_id=43"},"modified":"2025-07-22T16:51:55","modified_gmt":"2025-07-22T12:51:55","slug":"blog","status":"publish","type":"page","link":"https:\/\/zegoodframe.re\/index.php\/blog\/","title":{"rendered":"Blog"},"content":{"rendered":"\t\t<div data-elementor-type=\"wp-page\" data-elementor-id=\"43\" class=\"elementor elementor-43\" data-elementor-post-type=\"page\">\n\t\t\t\t<div class=\"elementor-element elementor-element-a704afc e-flex e-con-boxed e-con e-parent\" data-id=\"a704afc\" data-element_type=\"container\" data-settings=\"{&quot;background_background&quot;:&quot;classic&quot;}\">\n\t\t\t\t\t<div class=\"e-con-inner\">\n\t\t\t\t<div class=\"elementor-element elementor-element-9145ac7 elementor-widget elementor-widget-heading\" data-id=\"9145ac7\" data-element_type=\"widget\" data-widget_type=\"heading.default\">\n\t\t\t\t<div class=\"elementor-widget-container\">\n\t\t\t\t\t<h2 class=\"elementor-heading-title elementor-size-default\">Nos articles de blog<\/h2>\t\t\t\t<\/div>\n\t\t\t\t<\/div>\n\t\t\t\t<div class=\"elementor-element elementor-element-1ba2b15 elementor-widget elementor-widget-heading\" data-id=\"1ba2b15\" data-element_type=\"widget\" data-widget_type=\"heading.default\">\n\t\t\t\t<div class=\"elementor-widget-container\">\n\t\t\t\t\t<h2 class=\"elementor-heading-title elementor-size-default\">Ce que vous montrez, c\u2019est ce qu\u2019on retient. <br>Faites-le marquer les esprits.\n<\/h2>\t\t\t\t<\/div>\n\t\t\t\t<\/div>\n\t\t\t\t<div class=\"elementor-element elementor-element-065e899 elementor-widget elementor-widget-text-editor\" data-id=\"065e899\" data-element_type=\"widget\" data-widget_type=\"text-editor.default\">\n\t\t\t\t<div class=\"elementor-widget-container\">\n\t\t\t\t\t\t\t\t\t<p data-start=\"237\" data-end=\"400\">Pas de place pour l\u2019\u00e0-peu-pr\u00e8s : visuels, site, com\u2019\u2026 tout parle pour vous.<br data-start=\"312\" data-end=\"315\" \/>Dans ces articles, on d\u00e9cortique comment cr\u00e9er une image pro, coh\u00e9rente et m\u00e9morable.<\/p>\t\t\t\t\t\t\t\t<\/div>\n\t\t\t\t<\/div>\n\t\t\t\t\t<\/div>\n\t\t\t\t<\/div>\n\t\t<div class=\"elementor-element elementor-element-606d623a e-flex e-con-boxed e-con e-parent\" data-id=\"606d623a\" data-element_type=\"container\">\n\t\t\t\t\t<div class=\"e-con-inner\">\n\t\t\t\t<div class=\"elementor-element elementor-element-1eaa726 elementor-posts__hover-none elementor-grid-3 elementor-grid-tablet-2 elementor-grid-mobile-1 elementor-posts--thumbnail-top elementor-widget elementor-widget-posts\" data-id=\"1eaa726\" data-element_type=\"widget\" data-settings=\"{&quot;cards_row_gap&quot;:{&quot;unit&quot;:&quot;px&quot;,&quot;size&quot;:80,&quot;sizes&quot;:[]},&quot;cards_row_gap_tablet&quot;:{&quot;unit&quot;:&quot;px&quot;,&quot;size&quot;:71,&quot;sizes&quot;:[]},&quot;cards_row_gap_mobile&quot;:{&quot;unit&quot;:&quot;px&quot;,&quot;size&quot;:30,&quot;sizes&quot;:[]},&quot;cards_columns&quot;:&quot;3&quot;,&quot;cards_columns_tablet&quot;:&quot;2&quot;,&quot;cards_columns_mobile&quot;:&quot;1&quot;}\" data-widget_type=\"posts.cards\">\n\t\t\t\t<div class=\"elementor-widget-container\">\n\t\t\t\t\t\t\t<div class=\"elementor-posts-container elementor-posts elementor-posts--skin-cards elementor-grid\">\n\t\t\t\t<article class=\"elementor-post elementor-grid-item post-924 post type-post status-publish format-standard has-post-thumbnail hentry category-communication category-creation-de-contenus category-identite-visuelle category-reseaux-sociaux category-site-internet\">\n\t\t\t<div class=\"elementor-post__card\">\n\t\t\t\t<a class=\"elementor-post__thumbnail__link\" href=\"https:\/\/zegoodframe.re\/index.php\/2026\/04\/16\/image-de-marque-meilleur-commercial\/\" tabindex=\"-1\" ><div class=\"elementor-post__thumbnail\"><img fetchpriority=\"high\" decoding=\"async\" width=\"1252\" height=\"683\" src=\"https:\/\/zegoodframe.re\/wp-content\/uploads\/2026\/04\/Gemini_Generated_Image_u2jit6u2jit6u2ji-edited.png\" class=\"attachment-full size-full wp-image-926\" alt=\"\" srcset=\"https:\/\/zegoodframe.re\/wp-content\/uploads\/2026\/04\/Gemini_Generated_Image_u2jit6u2jit6u2ji-edited.png 1252w, https:\/\/zegoodframe.re\/wp-content\/uploads\/2026\/04\/Gemini_Generated_Image_u2jit6u2jit6u2ji-edited-300x164.png 300w, https:\/\/zegoodframe.re\/wp-content\/uploads\/2026\/04\/Gemini_Generated_Image_u2jit6u2jit6u2ji-edited-1024x559.png 1024w, https:\/\/zegoodframe.re\/wp-content\/uploads\/2026\/04\/Gemini_Generated_Image_u2jit6u2jit6u2ji-edited-768x419.png 768w\" sizes=\"(max-width: 1252px) 100vw, 1252px\" \/><\/div><\/a>\n\t\t\t\t<div class=\"elementor-post__text\">\n\t\t\t\t<h4 class=\"elementor-post__title\">\n\t\t\t<a href=\"https:\/\/zegoodframe.re\/index.php\/2026\/04\/16\/image-de-marque-meilleur-commercial\/\" >\n\t\t\t\tPourquoi votre image de marque est votre meilleur commercial ?\t\t\t<\/a>\n\t\t<\/h4>\n\t\t\t\t<div class=\"elementor-post__excerpt\">\n\t\t\t<p>Aujourd\u2019hui, avant m\u00eame de parler \u00e0 un prospect, votre marque parle d\u00e9j\u00e0 pour vous.Et la question est simple : qu\u2019est-ce<\/p>\n\t\t<\/div>\n\t\t\n\t\t<a class=\"elementor-post__read-more\" href=\"https:\/\/zegoodframe.re\/index.php\/2026\/04\/16\/image-de-marque-meilleur-commercial\/\" aria-label=\"En savoir plus sur Pourquoi votre image de marque est votre meilleur commercial ?\" tabindex=\"-1\" >\n\t\t\tLire la suite\t\t<\/a>\n\n\t\t\t\t<\/div>\n\t\t\t\t\t<\/div>\n\t\t<\/article>\n\t\t\t\t<article class=\"elementor-post elementor-grid-item post-380 post type-post status-publish format-standard has-post-thumbnail hentry category-communication category-strategie\">\n\t\t\t<div class=\"elementor-post__card\">\n\t\t\t\t<a class=\"elementor-post__thumbnail__link\" href=\"https:\/\/zegoodframe.re\/index.php\/2025\/05\/14\/article-3-une-strategie-de-communication-puissante-commence-ici\/\" tabindex=\"-1\" ><div class=\"elementor-post__thumbnail\"><img decoding=\"async\" width=\"1536\" height=\"1024\" src=\"https:\/\/zegoodframe.re\/wp-content\/uploads\/2025\/05\/ChatGPT-Image-30-juil.-2025-11_41_47.png\" class=\"attachment-full size-full wp-image-817\" alt=\"\" srcset=\"https:\/\/zegoodframe.re\/wp-content\/uploads\/2025\/05\/ChatGPT-Image-30-juil.-2025-11_41_47.png 1536w, https:\/\/zegoodframe.re\/wp-content\/uploads\/2025\/05\/ChatGPT-Image-30-juil.-2025-11_41_47-300x200.png 300w, https:\/\/zegoodframe.re\/wp-content\/uploads\/2025\/05\/ChatGPT-Image-30-juil.-2025-11_41_47-1024x683.png 1024w, https:\/\/zegoodframe.re\/wp-content\/uploads\/2025\/05\/ChatGPT-Image-30-juil.-2025-11_41_47-768x512.png 768w\" sizes=\"(max-width: 1536px) 100vw, 1536px\" \/><\/div><\/a>\n\t\t\t\t<div class=\"elementor-post__text\">\n\t\t\t\t<h4 class=\"elementor-post__title\">\n\t\t\t<a href=\"https:\/\/zegoodframe.re\/index.php\/2025\/05\/14\/article-3-une-strategie-de-communication-puissante-commence-ici\/\" >\n\t\t\t\t\ud83e\udde9 \u00c9laborer une strat\u00e9gie de communication puissante pour booster votre visibilit\u00e9\t\t\t<\/a>\n\t\t<\/h4>\n\t\t\t\t<div class=\"elementor-post__excerpt\">\n\t\t\t<p>Pourquoi une strat\u00e9gie de communication est essentielle \u00e0 votre marque ? Dans un monde num\u00e9rique satur\u00e9 d\u2019informations, se faire remarquer<\/p>\n\t\t<\/div>\n\t\t\n\t\t<a class=\"elementor-post__read-more\" href=\"https:\/\/zegoodframe.re\/index.php\/2025\/05\/14\/article-3-une-strategie-de-communication-puissante-commence-ici\/\" aria-label=\"En savoir plus sur \ud83e\udde9 \u00c9laborer une strat\u00e9gie de communication puissante pour booster votre visibilit\u00e9\" tabindex=\"-1\" >\n\t\t\tLire la suite\t\t<\/a>\n\n\t\t\t\t<\/div>\n\t\t\t\t\t<\/div>\n\t\t<\/article>\n\t\t\t\t<article class=\"elementor-post elementor-grid-item post-378 post type-post status-publish format-standard has-post-thumbnail hentry category-site-internet\">\n\t\t\t<div class=\"elementor-post__card\">\n\t\t\t\t<a class=\"elementor-post__thumbnail__link\" href=\"https:\/\/zegoodframe.re\/index.php\/2025\/05\/14\/pourquoi-votre-site-web-ne-convertit-pas-et-comment-y-remedier\/\" tabindex=\"-1\" ><div class=\"elementor-post__thumbnail\"><img decoding=\"async\" width=\"1536\" height=\"1024\" src=\"https:\/\/zegoodframe.re\/wp-content\/uploads\/2025\/05\/ChatGPT-Image-30-juil.-2025-11_41_54.png\" class=\"attachment-full size-full wp-image-816\" alt=\"\" srcset=\"https:\/\/zegoodframe.re\/wp-content\/uploads\/2025\/05\/ChatGPT-Image-30-juil.-2025-11_41_54.png 1536w, https:\/\/zegoodframe.re\/wp-content\/uploads\/2025\/05\/ChatGPT-Image-30-juil.-2025-11_41_54-300x200.png 300w, https:\/\/zegoodframe.re\/wp-content\/uploads\/2025\/05\/ChatGPT-Image-30-juil.-2025-11_41_54-1024x683.png 1024w, https:\/\/zegoodframe.re\/wp-content\/uploads\/2025\/05\/ChatGPT-Image-30-juil.-2025-11_41_54-768x512.png 768w\" sizes=\"(max-width: 1536px) 100vw, 1536px\" \/><\/div><\/a>\n\t\t\t\t<div class=\"elementor-post__text\">\n\t\t\t\t<h4 class=\"elementor-post__title\">\n\t\t\t<a href=\"https:\/\/zegoodframe.re\/index.php\/2025\/05\/14\/pourquoi-votre-site-web-ne-convertit-pas-et-comment-y-remedier\/\" >\n\t\t\t\t\ud83d\udeab Pourquoi votre site web ne convertit pas (et comment y rem\u00e9dier efficacement)\t\t\t<\/a>\n\t\t<\/h4>\n\t\t\t\t<div class=\"elementor-post__excerpt\">\n\t\t\t<p>Votre site est en ligne, mais il ne g\u00e9n\u00e8re pas de leads ni de clients ? Vous avez investi dans<\/p>\n\t\t<\/div>\n\t\t\n\t\t<a class=\"elementor-post__read-more\" href=\"https:\/\/zegoodframe.re\/index.php\/2025\/05\/14\/pourquoi-votre-site-web-ne-convertit-pas-et-comment-y-remedier\/\" aria-label=\"En savoir plus sur \ud83d\udeab Pourquoi votre site web ne convertit pas (et comment y rem\u00e9dier efficacement)\" tabindex=\"-1\" >\n\t\t\tLire la suite\t\t<\/a>\n\n\t\t\t\t<\/div>\n\t\t\t\t\t<\/div>\n\t\t<\/article>\n\t\t\t\t<article class=\"elementor-post elementor-grid-item post-376 post type-post status-publish format-standard has-post-thumbnail hentry category-communication category-creation-de-contenus category-reseaux-sociaux\">\n\t\t\t<div class=\"elementor-post__card\">\n\t\t\t\t<a class=\"elementor-post__thumbnail__link\" href=\"https:\/\/zegoodframe.re\/index.php\/2025\/05\/14\/reseaux-sociaux-pourquoi-le-contenu-visuel-est-votre-arme-la-plus-puissante-en-2025\/\" tabindex=\"-1\" ><div class=\"elementor-post__thumbnail\"><img loading=\"lazy\" decoding=\"async\" width=\"1536\" height=\"1024\" src=\"https:\/\/zegoodframe.re\/wp-content\/uploads\/2025\/05\/ChatGPT-Image-30-juil.-2025-11_41_57.png\" class=\"attachment-full size-full wp-image-815\" alt=\"\" srcset=\"https:\/\/zegoodframe.re\/wp-content\/uploads\/2025\/05\/ChatGPT-Image-30-juil.-2025-11_41_57.png 1536w, https:\/\/zegoodframe.re\/wp-content\/uploads\/2025\/05\/ChatGPT-Image-30-juil.-2025-11_41_57-300x200.png 300w, https:\/\/zegoodframe.re\/wp-content\/uploads\/2025\/05\/ChatGPT-Image-30-juil.-2025-11_41_57-1024x683.png 1024w, https:\/\/zegoodframe.re\/wp-content\/uploads\/2025\/05\/ChatGPT-Image-30-juil.-2025-11_41_57-768x512.png 768w\" sizes=\"(max-width: 1536px) 100vw, 1536px\" \/><\/div><\/a>\n\t\t\t\t<div class=\"elementor-post__text\">\n\t\t\t\t<h4 class=\"elementor-post__title\">\n\t\t\t<a href=\"https:\/\/zegoodframe.re\/index.php\/2025\/05\/14\/reseaux-sociaux-pourquoi-le-contenu-visuel-est-votre-arme-la-plus-puissante-en-2025\/\" >\n\t\t\t\t\ud83c\udfafR\u00e9seaux Sociaux : Le contenu visuel, votre arme la plus puissante en 2025\t\t\t<\/a>\n\t\t<\/h4>\n\t\t\t\t<div class=\"elementor-post__excerpt\">\n\t\t\t<p>Le visuel, moteur d\u2019engagement sur les r\u00e9seaux sociaux En 2025, malgr\u00e9 les \u00e9volutions constantes des algorithmes, une chose ne change<\/p>\n\t\t<\/div>\n\t\t\n\t\t<a class=\"elementor-post__read-more\" href=\"https:\/\/zegoodframe.re\/index.php\/2025\/05\/14\/reseaux-sociaux-pourquoi-le-contenu-visuel-est-votre-arme-la-plus-puissante-en-2025\/\" aria-label=\"En savoir plus sur \ud83c\udfafR\u00e9seaux Sociaux : Le contenu visuel, votre arme la plus puissante en 2025\" tabindex=\"-1\" >\n\t\t\tLire la suite\t\t<\/a>\n\n\t\t\t\t<\/div>\n\t\t\t\t\t<\/div>\n\t\t<\/article>\n\t\t\t\t<\/div>\n\t\t\n\t\t\t\t\t\t<\/div>\n\t\t\t\t<\/div>\n\t\t\t\t\t<\/div>\n\t\t\t\t<\/div>\n\t\t\t\t<\/div>\n\t\t","protected":false},"excerpt":{"rendered":"<p>Nos articles de blog Ce que vous montrez, c\u2019est ce qu\u2019on retient. Faites-le marquer les esprits. Pas de place pour l\u2019\u00e0-peu-pr\u00e8s : visuels, site, com\u2019\u2026 tout parle pour vous.Dans ces articles, on d\u00e9cortique comment cr\u00e9er une image pro, coh\u00e9rente et m\u00e9morable.<\/p>\n","protected":false},"author":1,"featured_media":0,"parent":0,"menu_order":0,"comment_status":"closed","ping_status":"closed","template":"","meta":{"footnotes":""},"class_list":["post-43","page","type-page","status-publish","hentry"],"yoast_head":"<!-- This site is optimized with the Yoast SEO plugin v25.6 - https:\/\/yoast.com\/wordpress\/plugins\/seo\/ -->\n<title>Blog - ZegoodFrame<\/title>\n<meta name=\"robots\" content=\"index, follow, max-snippet:-1, max-image-preview:large, max-video-preview:-1\" \/>\n<link rel=\"canonical\" href=\"https:\/\/zegoodframe.re\/index.php\/blog\/\" \/>\n<meta property=\"og:locale\" content=\"fr_FR\" \/>\n<meta property=\"og:type\" content=\"article\" \/>\n<meta property=\"og:title\" content=\"Blog - ZegoodFrame\" \/>\n<meta property=\"og:description\" content=\"Nos articles de blog Ce que vous montrez, c\u2019est ce qu\u2019on retient. Faites-le marquer les esprits. Pas de place pour l\u2019\u00e0-peu-pr\u00e8s : visuels, site, com\u2019\u2026 tout parle pour vous.Dans ces articles, on d\u00e9cortique comment cr\u00e9er une image pro, coh\u00e9rente et m\u00e9morable.\" \/>\n<meta property=\"og:url\" content=\"https:\/\/zegoodframe.re\/index.php\/blog\/\" \/>\n<meta property=\"og:site_name\" content=\"ZegoodFrame\" \/>\n<meta property=\"article:modified_time\" content=\"2025-07-22T12:51:55+00:00\" \/>\n<meta property=\"og:image\" content=\"https:\/\/zegoodframe.re\/wp-content\/uploads\/2025\/03\/logo_noir.png\" \/>\n\t<meta property=\"og:image:width\" content=\"875\" \/>\n\t<meta property=\"og:image:height\" content=\"445\" \/>\n\t<meta property=\"og:image:type\" content=\"image\/png\" \/>\n<meta name=\"twitter:card\" content=\"summary_large_image\" \/>\n<script type=\"application\/ld+json\" class=\"yoast-schema-graph\">{\"@context\":\"https:\/\/schema.org\",\"@graph\":[{\"@type\":\"WebPage\",\"@id\":\"https:\/\/zegoodframe.re\/index.php\/blog\/\",\"url\":\"https:\/\/zegoodframe.re\/index.php\/blog\/\",\"name\":\"Blog - ZegoodFrame\",\"isPartOf\":{\"@id\":\"https:\/\/zegoodframe.re\/#website\"},\"datePublished\":\"2025-03-04T15:15:43+00:00\",\"dateModified\":\"2025-07-22T12:51:55+00:00\",\"breadcrumb\":{\"@id\":\"https:\/\/zegoodframe.re\/index.php\/blog\/#breadcrumb\"},\"inLanguage\":\"fr-FR\",\"potentialAction\":[{\"@type\":\"ReadAction\",\"target\":[\"https:\/\/zegoodframe.re\/index.php\/blog\/\"]}]},{\"@type\":\"BreadcrumbList\",\"@id\":\"https:\/\/zegoodframe.re\/index.php\/blog\/#breadcrumb\",\"itemListElement\":[{\"@type\":\"ListItem\",\"position\":1,\"name\":\"Accueil\",\"item\":\"https:\/\/zegoodframe.re\/\"},{\"@type\":\"ListItem\",\"position\":2,\"name\":\"Blog\"}]},{\"@type\":\"WebSite\",\"@id\":\"https:\/\/zegoodframe.re\/#website\",\"url\":\"https:\/\/zegoodframe.re\/\",\"name\":\"ZegoodFrame\",\"description\":\"Fa\u00e7onnez votre image,  marquez les esprits.\",\"publisher\":{\"@id\":\"https:\/\/zegoodframe.re\/#organization\"},\"potentialAction\":[{\"@type\":\"SearchAction\",\"target\":{\"@type\":\"EntryPoint\",\"urlTemplate\":\"https:\/\/zegoodframe.re\/?s={search_term_string}\"},\"query-input\":{\"@type\":\"PropertyValueSpecification\",\"valueRequired\":true,\"valueName\":\"search_term_string\"}}],\"inLanguage\":\"fr-FR\"},{\"@type\":\"Organization\",\"@id\":\"https:\/\/zegoodframe.re\/#organization\",\"name\":\"ZegoodFrame\",\"url\":\"https:\/\/zegoodframe.re\/\",\"logo\":{\"@type\":\"ImageObject\",\"inLanguage\":\"fr-FR\",\"@id\":\"https:\/\/zegoodframe.re\/#\/schema\/logo\/image\/\",\"url\":\"https:\/\/zegoodframe.re\/wp-content\/uploads\/2025\/03\/logo_blanc.svg\",\"contentUrl\":\"https:\/\/zegoodframe.re\/wp-content\/uploads\/2025\/03\/logo_blanc.svg\",\"width\":100,\"height\":100,\"caption\":\"ZegoodFrame\"},\"image\":{\"@id\":\"https:\/\/zegoodframe.re\/#\/schema\/logo\/image\/\"}}]}<\/script>\n<!-- \/ Yoast SEO plugin. -->","yoast_head_json":{"title":"Blog - ZegoodFrame","robots":{"index":"index","follow":"follow","max-snippet":"max-snippet:-1","max-image-preview":"max-image-preview:large","max-video-preview":"max-video-preview:-1"},"canonical":"https:\/\/zegoodframe.re\/index.php\/blog\/","og_locale":"fr_FR","og_type":"article","og_title":"Blog - ZegoodFrame","og_description":"Nos articles de blog Ce que vous montrez, c\u2019est ce qu\u2019on retient. Faites-le marquer les esprits. Pas de place pour l\u2019\u00e0-peu-pr\u00e8s : visuels, site, com\u2019\u2026 tout parle pour vous.Dans ces articles, on d\u00e9cortique comment cr\u00e9er une image pro, coh\u00e9rente et m\u00e9morable.","og_url":"https:\/\/zegoodframe.re\/index.php\/blog\/","og_site_name":"ZegoodFrame","article_modified_time":"2025-07-22T12:51:55+00:00","og_image":[{"width":875,"height":445,"url":"https:\/\/zegoodframe.re\/wp-content\/uploads\/2025\/03\/logo_noir.png","type":"image\/png"}],"twitter_card":"summary_large_image","schema":{"@context":"https:\/\/schema.org","@graph":[{"@type":"WebPage","@id":"https:\/\/zegoodframe.re\/index.php\/blog\/","url":"https:\/\/zegoodframe.re\/index.php\/blog\/","name":"Blog - ZegoodFrame","isPartOf":{"@id":"https:\/\/zegoodframe.re\/#website"},"datePublished":"2025-03-04T15:15:43+00:00","dateModified":"2025-07-22T12:51:55+00:00","breadcrumb":{"@id":"https:\/\/zegoodframe.re\/index.php\/blog\/#breadcrumb"},"inLanguage":"fr-FR","potentialAction":[{"@type":"ReadAction","target":["https:\/\/zegoodframe.re\/index.php\/blog\/"]}]},{"@type":"BreadcrumbList","@id":"https:\/\/zegoodframe.re\/index.php\/blog\/#breadcrumb","itemListElement":[{"@type":"ListItem","position":1,"name":"Accueil","item":"https:\/\/zegoodframe.re\/"},{"@type":"ListItem","position":2,"name":"Blog"}]},{"@type":"WebSite","@id":"https:\/\/zegoodframe.re\/#website","url":"https:\/\/zegoodframe.re\/","name":"ZegoodFrame","description":"Fa\u00e7onnez votre image,  marquez les esprits.","publisher":{"@id":"https:\/\/zegoodframe.re\/#organization"},"potentialAction":[{"@type":"SearchAction","target":{"@type":"EntryPoint","urlTemplate":"https:\/\/zegoodframe.re\/?s={search_term_string}"},"query-input":{"@type":"PropertyValueSpecification","valueRequired":true,"valueName":"search_term_string"}}],"inLanguage":"fr-FR"},{"@type":"Organization","@id":"https:\/\/zegoodframe.re\/#organization","name":"ZegoodFrame","url":"https:\/\/zegoodframe.re\/","logo":{"@type":"ImageObject","inLanguage":"fr-FR","@id":"https:\/\/zegoodframe.re\/#\/schema\/logo\/image\/","url":"https:\/\/zegoodframe.re\/wp-content\/uploads\/2025\/03\/logo_blanc.svg","contentUrl":"https:\/\/zegoodframe.re\/wp-content\/uploads\/2025\/03\/logo_blanc.svg","width":100,"height":100,"caption":"ZegoodFrame"},"image":{"@id":"https:\/\/zegoodframe.re\/#\/schema\/logo\/image\/"}}]}},"_links":{"self":[{"href":"https:\/\/zegoodframe.re\/index.php\/wp-json\/wp\/v2\/pages\/43","targetHints":{"allow":["GET"]}}],"collection":[{"href":"https:\/\/zegoodframe.re\/index.php\/wp-json\/wp\/v2\/pages"}],"about":[{"href":"https:\/\/zegoodframe.re\/index.php\/wp-json\/wp\/v2\/types\/page"}],"author":[{"embeddable":true,"href":"https:\/\/zegoodframe.re\/index.php\/wp-json\/wp\/v2\/users\/1"}],"replies":[{"embeddable":true,"href":"https:\/\/zegoodframe.re\/index.php\/wp-json\/wp\/v2\/comments?post=43"}],"version-history":[{"count":28,"href":"https:\/\/zegoodframe.re\/index.php\/wp-json\/wp\/v2\/pages\/43\/revisions"}],"predecessor-version":[{"id":618,"href":"https:\/\/zegoodframe.re\/index.php\/wp-json\/wp\/v2\/pages\/43\/revisions\/618"}],"wp:attachment":[{"href":"https:\/\/zegoodframe.re\/index.php\/wp-json\/wp\/v2\/media?parent=43"}],"curies":[{"name":"wp","href":"https:\/\/api.w.org\/{rel}","templated":true}]}}