{"id":45,"date":"2025-03-04T19:16:00","date_gmt":"2025-03-04T15:16:00","guid":{"rendered":"https:\/\/zegoodframe.re\/?page_id=45"},"modified":"2025-07-25T11:27:52","modified_gmt":"2025-07-25T07:27:52","slug":"contactez-nous","status":"publish","type":"page","link":"https:\/\/zegoodframe.re\/index.php\/contactez-nous\/","title":{"rendered":"Contactez-nous"},"content":{"rendered":"\t\t<div data-elementor-type=\"wp-page\" data-elementor-id=\"45\" class=\"elementor elementor-45\" data-elementor-post-type=\"page\">\n\t\t\t\t<div class=\"elementor-element elementor-element-92979b5 e-flex e-con-boxed e-con e-parent\" data-id=\"92979b5\" data-element_type=\"container\" data-settings=\"{&quot;background_background&quot;:&quot;classic&quot;}\">\n\t\t\t\t\t<div class=\"e-con-inner\">\n\t\t\t\t<div class=\"elementor-element elementor-element-c7c7151 elementor-widget elementor-widget-heading\" data-id=\"c7c7151\" data-element_type=\"widget\" data-widget_type=\"heading.default\">\n\t\t\t\t<div class=\"elementor-widget-container\">\n\t\t\t\t\t<h2 class=\"elementor-heading-title elementor-size-default\">Contactez-nous<\/h2>\t\t\t\t<\/div>\n\t\t\t\t<\/div>\n\t\t\t\t<div class=\"elementor-element elementor-element-ff30415 elementor-widget elementor-widget-heading\" data-id=\"ff30415\" data-element_type=\"widget\" data-widget_type=\"heading.default\">\n\t\t\t\t<div class=\"elementor-widget-container\">\n\t\t\t\t\t<h2 class=\"elementor-heading-title elementor-size-default\">Un projet en t\u00eate ?<\/h2>\t\t\t\t<\/div>\n\t\t\t\t<\/div>\n\t\t\t\t<div class=\"elementor-element elementor-element-7c46808 elementor-widget elementor-widget-text-editor\" data-id=\"7c46808\" data-element_type=\"widget\" data-widget_type=\"text-editor.default\">\n\t\t\t\t<div class=\"elementor-widget-container\">\n\t\t\t\t\t\t\t\t\t<p>Parlons-en ! Nous sommes l\u00e0 pour donner vie \u00e0 vos id\u00e9es.<\/p>\t\t\t\t\t\t\t\t<\/div>\n\t\t\t\t<\/div>\n\t\t\t\t\t<\/div>\n\t\t\t\t<\/div>\n\t\t<div class=\"elementor-element elementor-element-31f5d48 e-flex e-con-boxed e-con e-parent\" data-id=\"31f5d48\" data-element_type=\"container\">\n\t\t\t\t\t<div class=\"e-con-inner\">\n\t\t\t\t<div class=\"elementor-element elementor-element-0dfde06 elementor-widget elementor-widget-heading\" data-id=\"0dfde06\" data-element_type=\"widget\" data-widget_type=\"heading.default\">\n\t\t\t\t<div class=\"elementor-widget-container\">\n\t\t\t\t\t<h2 class=\"elementor-heading-title elementor-size-default\">comment pouvons-nous<br>travailler ensemble ?<\/h2>\t\t\t\t<\/div>\n\t\t\t\t<\/div>\n\t\t\t\t<div class=\"elementor-element elementor-element-d06429d elementor-button-align-center elementor-widget elementor-widget-form\" data-id=\"d06429d\" data-element_type=\"widget\" data-settings=\"{&quot;step_next_label&quot;:&quot;Suivant&quot;,&quot;step_previous_label&quot;:&quot;Pr\\u00e9c\\u00e9dent&quot;,&quot;button_width&quot;:&quot;100&quot;,&quot;step_type&quot;:&quot;number_text&quot;,&quot;step_icon_shape&quot;:&quot;circle&quot;}\" data-widget_type=\"form.default\">\n\t\t\t\t<div class=\"elementor-widget-container\">\n\t\t\t\t\t\t\t<form class=\"elementor-form\" method=\"post\" name=\"Formulaire page contact\">\n\t\t\t<input type=\"hidden\" name=\"post_id\" value=\"45\"\/>\n\t\t\t<input type=\"hidden\" name=\"form_id\" value=\"d06429d\"\/>\n\t\t\t<input type=\"hidden\" name=\"referer_title\" value=\"Contactez-nous - ZegoodFrame\" \/>\n\n\t\t\t\t\t\t\t<input type=\"hidden\" name=\"queried_id\" value=\"45\"\/>\n\t\t\t\n\t\t\t<div class=\"elementor-form-fields-wrapper elementor-labels-\">\n\t\t\t\t\t\t\t\t<div class=\"elementor-field-type-text elementor-field-group elementor-column elementor-field-group-nom elementor-col-50 elementor-field-required\">\n\t\t\t\t\t\t\t\t\t\t\t\t<label for=\"form-field-nom\" class=\"elementor-field-label elementor-screen-only\">\n\t\t\t\t\t\t\t\tnom\t\t\t\t\t\t\t<\/label>\n\t\t\t\t\t\t\t\t\t\t\t\t\t\t<input size=\"1\" type=\"text\" name=\"form_fields[nom]\" id=\"form-field-nom\" class=\"elementor-field elementor-size-sm  elementor-field-textual\" placeholder=\"Mon Nom\" required=\"required\" aria-required=\"true\">\n\t\t\t\t\t\t\t\t\t\t\t<\/div>\n\t\t\t\t\t\t\t\t<div class=\"elementor-field-type-text elementor-field-group elementor-column elementor-field-group-prenom elementor-col-50 elementor-field-required\">\n\t\t\t\t\t\t\t\t\t\t\t\t<label for=\"form-field-prenom\" class=\"elementor-field-label elementor-screen-only\">\n\t\t\t\t\t\t\t\tprenom\t\t\t\t\t\t\t<\/label>\n\t\t\t\t\t\t\t\t\t\t\t\t\t\t<input size=\"1\" type=\"text\" name=\"form_fields[prenom]\" id=\"form-field-prenom\" class=\"elementor-field elementor-size-sm  elementor-field-textual\" placeholder=\"Mon Pr\u00e9nom\" required=\"required\" aria-required=\"true\">\n\t\t\t\t\t\t\t\t\t\t\t<\/div>\n\t\t\t\t\t\t\t\t<div class=\"elementor-field-type-email elementor-field-group elementor-column elementor-field-group-email elementor-col-50 elementor-field-required\">\n\t\t\t\t\t\t\t\t\t\t\t\t<label for=\"form-field-email\" class=\"elementor-field-label elementor-screen-only\">\n\t\t\t\t\t\t\t\temail\t\t\t\t\t\t\t<\/label>\n\t\t\t\t\t\t\t\t\t\t\t\t\t\t<input size=\"1\" type=\"email\" name=\"form_fields[email]\" id=\"form-field-email\" class=\"elementor-field elementor-size-sm  elementor-field-textual\" placeholder=\"Mon Adresse e-mail\" required=\"required\" aria-required=\"true\">\n\t\t\t\t\t\t\t\t\t\t\t<\/div>\n\t\t\t\t\t\t\t\t<div class=\"elementor-field-type-tel elementor-field-group elementor-column elementor-field-group-field_291921e elementor-col-50 elementor-field-required\">\n\t\t\t\t\t\t\t\t\t\t\t\t<label for=\"form-field-field_291921e\" class=\"elementor-field-label elementor-screen-only\">\n\t\t\t\t\t\t\t\tnumero\t\t\t\t\t\t\t<\/label>\n\t\t\t\t\t\t<span class=\"ccfef-editor-intl-input\" data-id=\"form-field-field_291921e\" data-field-id=\"291921e\" data-default-country=\"re\" data-include-countries=\"\" data-exclude-countries=\"\" data-dial-code-visibility=\"show\" data-strict-mode=\"\" style=\"display: none;\"><\/span>\t\t<input size=\"1\" type=\"tel\" name=\"form_fields[field_291921e]\" id=\"form-field-field_291921e\" class=\"elementor-field elementor-size-sm  elementor-field-textual\" placeholder=\"Mon Num\u00e9ro de t\u00e9l\u00e9phone\" required=\"required\" aria-required=\"true\" pattern=\"[0-9()#&amp;+*-=.]+\" title=\"Seuls les caract\u00e8res de num\u00e9ros de t\u00e9l\u00e9phone (#, -, *, etc.) sont accept\u00e9s.\">\n\n\t\t\t\t\t\t<\/div>\n\t\t\t\t\t\t\t\t<div class=\"elementor-field-type-select elementor-field-group elementor-column elementor-field-group-objet elementor-col-100\">\n\t\t\t\t\t\t\t\t\t\t\t\t<label for=\"form-field-objet\" class=\"elementor-field-label elementor-screen-only\">\n\t\t\t\t\t\t\t\tobjet\t\t\t\t\t\t\t<\/label>\n\t\t\t\t\t\t\t\t<div class=\"elementor-field elementor-select-wrapper remove-before \">\n\t\t\t<div class=\"select-caret-down-wrapper\">\n\t\t\t\t<svg aria-hidden=\"true\" class=\"e-font-icon-svg e-eicon-caret-down\" viewBox=\"0 0 571.4 571.4\" xmlns=\"http:\/\/www.w3.org\/2000\/svg\"><path d=\"M571 393Q571 407 561 418L311 668Q300 679 286 679T261 668L11 418Q0 407 0 393T11 368 36 357H536Q550 357 561 368T571 393Z\"><\/path><\/svg>\t\t\t<\/div>\n\t\t\t<select name=\"form_fields[objet]\" id=\"form-field-objet\" class=\"elementor-field-textual elementor-size-sm\">\n\t\t\t\t\t\t\t\t\t<option value=\"\">Cr\u00e9ation de contenus photos\/vid\u00e9os percutants pour les r\u00e9seaux sociaux<\/option>\n\t\t\t\t\t\t\t\t\t<option value=\"\">D\u00e9veloppement d&#039;un site internet qui correspond \u00e0 mon image<\/option>\n\t\t\t\t\t\t\t\t\t<option value=\"\">Cr\u00e9ation d&#039;une strat\u00e9gie de communication en coh\u00e9rence avec mon identit\u00e9 visuelle<\/option>\n\t\t\t\t\t\t\t\t\t<option value=\"Autre...\">Autre...<\/option>\n\t\t\t\t\t\t\t<\/select>\n\t\t<\/div>\n\t\t\t\t\t\t<\/div>\n\t\t\t\t\t\t\t\t<div class=\"elementor-field-type-textarea elementor-field-group elementor-column elementor-field-group-message elementor-col-100 elementor-field-required\">\n\t\t\t\t\t\t\t\t\t\t\t\t<label for=\"form-field-message\" class=\"elementor-field-label elementor-screen-only\">\n\t\t\t\t\t\t\t\tmessage\t\t\t\t\t\t\t<\/label>\n\t\t\t\t\t\t<textarea class=\"elementor-field-textual elementor-field  elementor-size-sm\" name=\"form_fields[message]\" id=\"form-field-message\" rows=\"4\" placeholder=\"Si vous pouviez r\u00e9sumer votre projet en quelques phrases, ce serait\u2026\" required=\"required\" aria-required=\"true\"><\/textarea>\t\t\t\t<\/div>\n\t\t\t\t\t\t\t\t<div class=\"elementor-field-group elementor-column elementor-field-type-submit elementor-col-100 e-form__buttons\">\n\t\t\t\t\t<button class=\"elementor-button elementor-size-sm\" type=\"submit\">\n\t\t\t\t\t\t<span class=\"elementor-button-content-wrapper\">\n\t\t\t\t\t\t\t\t\t\t\t\t\t\t\t\t\t\t\t\t\t\t<span class=\"elementor-button-text\">Ensemble, faisons de votre projet un succ\u00e8s<\/span>\n\t\t\t\t\t\t\t\t\t\t\t\t\t<\/span>\n\t\t\t\t\t<\/button>\n\t\t\t\t<\/div>\n\t\t\t<\/div>\n\t\t<\/form>\n\t\t\t\t\t\t<\/div>\n\t\t\t\t<\/div>\n\t\t\t\t\t<\/div>\n\t\t\t\t<\/div>\n\t\t\t\t<\/div>\n\t\t","protected":false},"excerpt":{"rendered":"<p>Contactez-nous Un projet en t\u00eate ? Parlons-en ! Nous sommes l\u00e0 pour donner vie \u00e0 vos id\u00e9es. comment pouvons-noustravailler ensemble ?<\/p>\n","protected":false},"author":1,"featured_media":0,"parent":0,"menu_order":0,"comment_status":"closed","ping_status":"closed","template":"","meta":{"footnotes":""},"class_list":["post-45","page","type-page","status-publish","hentry"],"yoast_head":"<!-- This site is optimized with the Yoast SEO plugin v25.6 - https:\/\/yoast.com\/wordpress\/plugins\/seo\/ -->\n<title>Contactez-nous - ZegoodFrame<\/title>\n<meta name=\"robots\" content=\"index, follow, max-snippet:-1, max-image-preview:large, max-video-preview:-1\" \/>\n<link rel=\"canonical\" href=\"https:\/\/zegoodframe.re\/index.php\/contactez-nous\/\" \/>\n<meta property=\"og:locale\" content=\"fr_FR\" \/>\n<meta property=\"og:type\" content=\"article\" \/>\n<meta property=\"og:title\" content=\"Contactez-nous - ZegoodFrame\" \/>\n<meta property=\"og:description\" content=\"Contactez-nous Un projet en t\u00eate ? Parlons-en ! Nous sommes l\u00e0 pour donner vie \u00e0 vos id\u00e9es. comment pouvons-noustravailler ensemble ?\" \/>\n<meta property=\"og:url\" content=\"https:\/\/zegoodframe.re\/index.php\/contactez-nous\/\" \/>\n<meta property=\"og:site_name\" content=\"ZegoodFrame\" \/>\n<meta property=\"article:modified_time\" content=\"2025-07-25T07:27:52+00:00\" \/>\n<meta property=\"og:image\" content=\"https:\/\/zegoodframe.re\/wp-content\/uploads\/2025\/03\/logo_noir.png\" \/>\n\t<meta property=\"og:image:width\" content=\"875\" \/>\n\t<meta property=\"og:image:height\" content=\"445\" \/>\n\t<meta property=\"og:image:type\" content=\"image\/png\" \/>\n<meta name=\"twitter:card\" content=\"summary_large_image\" \/>\n<script type=\"application\/ld+json\" class=\"yoast-schema-graph\">{\"@context\":\"https:\/\/schema.org\",\"@graph\":[{\"@type\":\"WebPage\",\"@id\":\"https:\/\/zegoodframe.re\/index.php\/contactez-nous\/\",\"url\":\"https:\/\/zegoodframe.re\/index.php\/contactez-nous\/\",\"name\":\"Contactez-nous - ZegoodFrame\",\"isPartOf\":{\"@id\":\"https:\/\/zegoodframe.re\/#website\"},\"datePublished\":\"2025-03-04T15:16:00+00:00\",\"dateModified\":\"2025-07-25T07:27:52+00:00\",\"breadcrumb\":{\"@id\":\"https:\/\/zegoodframe.re\/index.php\/contactez-nous\/#breadcrumb\"},\"inLanguage\":\"fr-FR\",\"potentialAction\":[{\"@type\":\"ReadAction\",\"target\":[\"https:\/\/zegoodframe.re\/index.php\/contactez-nous\/\"]}]},{\"@type\":\"BreadcrumbList\",\"@id\":\"https:\/\/zegoodframe.re\/index.php\/contactez-nous\/#breadcrumb\",\"itemListElement\":[{\"@type\":\"ListItem\",\"position\":1,\"name\":\"Accueil\",\"item\":\"https:\/\/zegoodframe.re\/\"},{\"@type\":\"ListItem\",\"position\":2,\"name\":\"Contactez-nous\"}]},{\"@type\":\"WebSite\",\"@id\":\"https:\/\/zegoodframe.re\/#website\",\"url\":\"https:\/\/zegoodframe.re\/\",\"name\":\"ZegoodFrame\",\"description\":\"Fa\u00e7onnez votre image,  marquez les esprits.\",\"publisher\":{\"@id\":\"https:\/\/zegoodframe.re\/#organization\"},\"potentialAction\":[{\"@type\":\"SearchAction\",\"target\":{\"@type\":\"EntryPoint\",\"urlTemplate\":\"https:\/\/zegoodframe.re\/?s={search_term_string}\"},\"query-input\":{\"@type\":\"PropertyValueSpecification\",\"valueRequired\":true,\"valueName\":\"search_term_string\"}}],\"inLanguage\":\"fr-FR\"},{\"@type\":\"Organization\",\"@id\":\"https:\/\/zegoodframe.re\/#organization\",\"name\":\"ZegoodFrame\",\"url\":\"https:\/\/zegoodframe.re\/\",\"logo\":{\"@type\":\"ImageObject\",\"inLanguage\":\"fr-FR\",\"@id\":\"https:\/\/zegoodframe.re\/#\/schema\/logo\/image\/\",\"url\":\"https:\/\/zegoodframe.re\/wp-content\/uploads\/2025\/03\/logo_blanc.svg\",\"contentUrl\":\"https:\/\/zegoodframe.re\/wp-content\/uploads\/2025\/03\/logo_blanc.svg\",\"width\":100,\"height\":100,\"caption\":\"ZegoodFrame\"},\"image\":{\"@id\":\"https:\/\/zegoodframe.re\/#\/schema\/logo\/image\/\"}}]}<\/script>\n<!-- \/ Yoast SEO plugin. -->","yoast_head_json":{"title":"Contactez-nous - ZegoodFrame","robots":{"index":"index","follow":"follow","max-snippet":"max-snippet:-1","max-image-preview":"max-image-preview:large","max-video-preview":"max-video-preview:-1"},"canonical":"https:\/\/zegoodframe.re\/index.php\/contactez-nous\/","og_locale":"fr_FR","og_type":"article","og_title":"Contactez-nous - ZegoodFrame","og_description":"Contactez-nous Un projet en t\u00eate ? Parlons-en ! Nous sommes l\u00e0 pour donner vie \u00e0 vos id\u00e9es. comment pouvons-noustravailler ensemble ?","og_url":"https:\/\/zegoodframe.re\/index.php\/contactez-nous\/","og_site_name":"ZegoodFrame","article_modified_time":"2025-07-25T07:27:52+00:00","og_image":[{"width":875,"height":445,"url":"https:\/\/zegoodframe.re\/wp-content\/uploads\/2025\/03\/logo_noir.png","type":"image\/png"}],"twitter_card":"summary_large_image","schema":{"@context":"https:\/\/schema.org","@graph":[{"@type":"WebPage","@id":"https:\/\/zegoodframe.re\/index.php\/contactez-nous\/","url":"https:\/\/zegoodframe.re\/index.php\/contactez-nous\/","name":"Contactez-nous - ZegoodFrame","isPartOf":{"@id":"https:\/\/zegoodframe.re\/#website"},"datePublished":"2025-03-04T15:16:00+00:00","dateModified":"2025-07-25T07:27:52+00:00","breadcrumb":{"@id":"https:\/\/zegoodframe.re\/index.php\/contactez-nous\/#breadcrumb"},"inLanguage":"fr-FR","potentialAction":[{"@type":"ReadAction","target":["https:\/\/zegoodframe.re\/index.php\/contactez-nous\/"]}]},{"@type":"BreadcrumbList","@id":"https:\/\/zegoodframe.re\/index.php\/contactez-nous\/#breadcrumb","itemListElement":[{"@type":"ListItem","position":1,"name":"Accueil","item":"https:\/\/zegoodframe.re\/"},{"@type":"ListItem","position":2,"name":"Contactez-nous"}]},{"@type":"WebSite","@id":"https:\/\/zegoodframe.re\/#website","url":"https:\/\/zegoodframe.re\/","name":"ZegoodFrame","description":"Fa\u00e7onnez votre image,  marquez les esprits.","publisher":{"@id":"https:\/\/zegoodframe.re\/#organization"},"potentialAction":[{"@type":"SearchAction","target":{"@type":"EntryPoint","urlTemplate":"https:\/\/zegoodframe.re\/?s={search_term_string}"},"query-input":{"@type":"PropertyValueSpecification","valueRequired":true,"valueName":"search_term_string"}}],"inLanguage":"fr-FR"},{"@type":"Organization","@id":"https:\/\/zegoodframe.re\/#organization","name":"ZegoodFrame","url":"https:\/\/zegoodframe.re\/","logo":{"@type":"ImageObject","inLanguage":"fr-FR","@id":"https:\/\/zegoodframe.re\/#\/schema\/logo\/image\/","url":"https:\/\/zegoodframe.re\/wp-content\/uploads\/2025\/03\/logo_blanc.svg","contentUrl":"https:\/\/zegoodframe.re\/wp-content\/uploads\/2025\/03\/logo_blanc.svg","width":100,"height":100,"caption":"ZegoodFrame"},"image":{"@id":"https:\/\/zegoodframe.re\/#\/schema\/logo\/image\/"}}]}},"_links":{"self":[{"href":"https:\/\/zegoodframe.re\/index.php\/wp-json\/wp\/v2\/pages\/45","targetHints":{"allow":["GET"]}}],"collection":[{"href":"https:\/\/zegoodframe.re\/index.php\/wp-json\/wp\/v2\/pages"}],"about":[{"href":"https:\/\/zegoodframe.re\/index.php\/wp-json\/wp\/v2\/types\/page"}],"author":[{"embeddable":true,"href":"https:\/\/zegoodframe.re\/index.php\/wp-json\/wp\/v2\/users\/1"}],"replies":[{"embeddable":true,"href":"https:\/\/zegoodframe.re\/index.php\/wp-json\/wp\/v2\/comments?post=45"}],"version-history":[{"count":31,"href":"https:\/\/zegoodframe.re\/index.php\/wp-json\/wp\/v2\/pages\/45\/revisions"}],"predecessor-version":[{"id":707,"href":"https:\/\/zegoodframe.re\/index.php\/wp-json\/wp\/v2\/pages\/45\/revisions\/707"}],"wp:attachment":[{"href":"https:\/\/zegoodframe.re\/index.php\/wp-json\/wp\/v2\/media?parent=45"}],"curies":[{"name":"wp","href":"https:\/\/api.w.org\/{rel}","templated":true}]}}